{"id":230,"date":"2016-10-05T10:39:45","date_gmt":"2016-10-05T08:39:45","guid":{"rendered":"https:\/\/patch.cds-pro.com\/\/?page_id=230"},"modified":"2018-07-21T13:50:07","modified_gmt":"2018-07-21T11:50:07","slug":"legal-notice","status":"publish","type":"page","link":"https:\/\/patch.cds-pro.com\/de\/legal-notice\/","title":{"rendered":"Rechtliche Hinweise \/ UGC"},"content":{"rendered":"<p><strong>ARTIKEL 1: Objekt<\/strong><\/p>\n<p>Die vorliegenden \u201eallgemeinen Nutzungsbedingungen\u201c, nachstehend als UGC bezeichnet, haben zum Ziel die rechtlichen Rahmen der Bereitstellung der Dienstleistung der Website customdivingsystems.com, nachstehend als \u201eCDS\u201c bezeichnet und Ihren Nutzern, nachstehend als \u201eNutzern\u201c bezeichnet.<\/p>\n<p>Die UGC sollen von allen Nutzern, die die Website besuchen wollen, akzeptiert werden. Die UGC bestehen aus einem Vertrag zwischen der Website und dem Nutzer. Der Zugang zu der Website von dem Nutzer bedeutet, dass der Nutzer die vorliegenden UGC akzeptiert.<\/p>\n<p>Im Fall der Nutzer nicht mit der vorliegenden UGC einverstanden ist, soll er auf den Zugang und das Dienstleistungsangebot von CDS verzichten.<\/p>\n<p>CDS beh\u00e4lt sich das Recht vor, einseitig und zu jeder Zeit den Inhalt der vorliegenden UGC zu \u00e4ndern.<\/p>\n<p><strong>ARTIKEL 2 <\/strong><\/p>\n<p>Der Eigent\u00fcmer der Website customdivingsystems.com ist die Gesellschaft <strong>Custom Diving Systems SASU <\/strong>mit 5000 euro Kapital, deren Hauptsitz in<\/p>\n<p>La Jairaz<\/p>\n<p>73120 Courchevel<\/p>\n<p>Frankreich steht.<\/p>\n<p><strong>Custom Diving Systems SASU<\/strong> ist im Handels-und\u00a0Gesellschaftsregister von Chamb\u00e9ry eingetragen, unter der Nummer 825 172 588 00014<\/p>\n<p>NAF\/APE Code: 4764Z<\/p>\n<p>MwSt Nummer: FR 79 825 172 588<\/p>\n<p>Der Verlagsleiter ist Herr Yannig Charles<\/p>\n<p>E-mail: contact@cds-pro.com<\/p>\n<p>Telefon: +33(0)6 11 48 11 14<\/p>\n<p>Konzeption und Wartung der Website werden von Alex Adamczyk (Csweb.fr), <a href=\"mailto:info@csweb.fr\">info@csweb.fr<\/a> versichert.<\/p>\n<p>Der Web-Host ist:<\/p>\n<p><strong>OVH SAS<\/strong> mit 10 069 020 Euro Kapital, deren Hauptsitz in 2 rue Kellermann \u2013 59100 Roubaix \u2013 Frankreich steht.<\/p>\n<p>Telefon: +33 (0)9 72 10 10 07<\/p>\n<p><strong>ARTIKEL 3: Definitionen<\/strong><\/p>\n<p>Die vorliegende Klausel hat zum Ziel die verschiedenen und wesentlichen Elemente des Vertrags zu definieren:<\/p>\n<p>Der Nutzer: dieser Begriff bezeichnet jede Person, die die Website oder die von der Website vorgeschlagene Dienstleistung benutzt.<\/p>\n<p>Die Website: Dieser Begriff bezeichnet die Website customdivingsystems.com und somit CDS<\/p>\n<p><strong>ARTIKEL 4: Dienstleistung Zugang<\/strong><\/p>\n<p>Die Website erlaubt dem Nutzer einen kostenlosen Zugang zu der folgenden Dienstleistung:<\/p>\n<ul>\n<li>Informationenseite \u00fcber die Produktkataloge von CDS;<\/li>\n<li>Die Wiederverk\u00e4uferliste<\/li>\n<li>Abonnement zum Newsletter bei Best\u00e4tigung eines E-Formular mit Ihrer Email Adresse. Sie haben die M\u00f6glichkeit sich in einen Klick abzumelden.<\/li>\n<li>CDS Aktualit\u00e4t<\/li>\n<li>Zugang zum Profibereich (Nach Best\u00e4tigung eins Anmeldeformulars f\u00fcr Professionelle);<\/li>\n<\/ul>\n<p>Der Zugang zu der Website ist kostenlos f\u00fcr alle Nutzer, die einen Internetanschluss haben. Alle Kosten, um zu der Dienstleistung (Computerr\u00fcstung, Software, Internetanschluss usw.) zu erreichen, sind von dem Nutzer getragen.<\/p>\n<p>Nach dem Fall:<\/p>\n<ul>\n<li>Alle Mittel werden eingeleitet um einen hochwertigen Zugang zur Dienstleistung zu erm\u00f6glichen. Die\u00a0Verpflichtung\u00a0zielt\u00a0daher\u00a0auf\u00a0die Mittel,\u00a0nicht\u00a0auf\u00a0das Ergebnis.<\/li>\n<li>CDS wird nicht verantwortlich sein f\u00fcr alle Ereignisse aufgrund h\u00f6herer\u00a0Gewalt, die eine Netzwerkst\u00f6rung oder Serverst\u00f6rung zur Folge haben.<\/li>\n<li>Der Zugang zur Dienstleistung der Website kann zu jedem Moment und ohne Vorank\u00fcndigung f\u00fcr Instandhaltung oder f\u00fcr andere Gr\u00fcnde unterbrochen, aufgeh\u00e4ngt oder ge\u00e4ndert werden.<\/li>\n<li>Der Nutzer verpflichtet sich keine Entsch\u00e4digung infolge eines Unterbruchs, einer \u00c4nderung oder eine Suspension zu fordern<\/li>\n<\/ul>\n<p>Der Nutzer hat die M\u00f6glichkeit die Website zu kontaktieren unter der Adresse contact@cds-pro.com oder per Telefon unter der Nummer +33(0)6 11 48 11 14<\/p>\n<p><strong>ARTIKEL 5: <\/strong><a href=\"https:\/\/www.linguee.fr\/allemand-francais\/traduction\/geistiges+Eigentum.html\"><strong>geistiges Eigentum<\/strong><\/a><\/p>\n<p>Die Marken, Logos, Zeichen und alle anderen Inhalte dieser Website sind von der Code des <a href=\"https:\/\/www.linguee.fr\/allemand-francais\/traduction\/geistiges+Eigentum.html\">geistigen Eigentum<\/a>s und insbesondere von Urheberrecht gesch\u00fctzt.<\/p>\n<p>F\u00fcr alle Vervielf\u00e4ltigung und Ver\u00f6ffentlichung von irgendwelchen Inhalten, braucht der Nutzer die <a href=\"https:\/\/www.linguee.fr\/allemand-francais\/traduction\/vorherige+Genehmigung.html\">vorherige Genehmigung<\/a> der Website.<\/p>\n<p>Der Nutzer verpflichtet sich den Inhalt der Website nur f\u00fcr streng pers\u00f6nliche Zwecken zu verwenden. Die Nutzung der Inhalte f\u00fcr kommerzielle Zwecke ist streng verboten, abgesehen von Inhalt; der spezifisch f\u00fcr diese Zwecke bestimmt.<\/p>\n<p><strong>ARTIKEL 6: pers\u00f6nliche Daten<\/strong><\/p>\n<p><a href=\"https:\/\/patch.cds-pro.com\/de\/privacy-policy-and-cookies\/\" target=\"_blank\">Sehen Datenschutzerkl\u00e4rung und Cookies<\/a><\/p>\n<p><strong>\u00a0<\/strong><strong>ARTIKEL 7: Verantwortung und h\u00f6here Gewalt<\/strong><\/p>\n<p>Die Quellen der Informationen auf der Website CDS werden als zuverl\u00e4ssig angesehen. Die Website beh\u00e4lt allerdings das Recht vor, die Zuverl\u00e4ssigkeit seiner Quellen nicht zu gew\u00e4hrleisten. Die Informationen der Website sind\u00a0zur\u00a0Kenntnisnahme angesehen. Der Nutzer allein ist f\u00fcr die Nutzung der auf der Website erhaltenden Informationen verantwortlich.<\/p>\n<p>Alle Verwendung der Dienstleistung von dem Nutzer, die zur direkte oder indirekte Folge Schaden hat, soll der Website CDS eine Entsch\u00e4digung zahlen.<\/p>\n<p>Eine optimale Gew\u00e4hrleistung der Sicherheit und der Vertraulichkeit der \u00fcbertragenen Daten ist nicht von der Website versichert. Der Website verpflichtet sich allerdings alle notwendige Mittel anzuwenden, um die Sicherheit und die Vertraulichkeit der Daten am besten zu gew\u00e4hrleisten.<\/p>\n<p>Die Verantwortung der Website CDS kann in h\u00f6here Gewalt oder f\u00fcr unvorhersehbare und un\u00fcberwindbare F\u00e4lle nicht \u00fcbernehmen werden.<\/p>\n<p><strong>ARTIKEL 8: Hypertext Verbindungen<\/strong><\/p>\n<p>Viele ausgehenden Hypertext Verbindungen liegen auf der Website CDS vor. Diese ausgehenden Hypertext Verbindungen f\u00fchren zur Websites, die nicht von CDS \u00fcberpr\u00fcft sind und CDS ist infolgedessen nicht daf\u00fcr verantwortlich.<\/p>\n<p>So verbietet sich der Nutzer die Verantwortung von CDS bzgl. der Inhalt dieser ausgehenden Hypertext Verbindungen \u00fcberzunehmen<\/p>\n<p><strong>ARTIKEL 9: Entwicklung des Vertrags<\/strong><\/p>\n<p>CDS beh\u00e4lt sich das Recht vor, jederzeit die in dem Vertrag vorliegenden Bedingungen zu \u00e4ndern.<\/p>\n<p><strong>ARTIKEL 10: Laufzeit<\/strong><\/p>\n<p>Die Laufzeit dieses Vertrags ist unbefristet. Der Vertrag wird wirksam, sobald der Nutzer die Dienstleistung verwendet.<\/p>\n<p><strong>ARTIKEL 11: Anwendbares Recht\u00a0und zust\u00e4ndiges Gericht<\/strong><\/p>\n<p>Das franz\u00f6sische Recht gilt f\u00fcr diesen Vertrag.<\/p>","protected":false},"excerpt":{"rendered":"<p>ARTIKEL 1: Objekt Die vorliegenden \u201eallgemeinen Nutzungsbedingungen\u201c, nachstehend als UGC bezeichnet, haben zum Ziel die rechtlichen Rahmen der Bereitstellung der Dienstleistung der Website customdivingsystems.com, nachstehend als \u201eCDS\u201c bezeichnet und Ihren Nutzern, nachstehend als \u201eNutzern\u201c bezeichnet. Die UGC sollen von allen Nutzern, die die Website besuchen wollen, akzeptiert werden. Die UGC bestehen aus einem Vertrag zwischen [&hellip;]<\/p>\n","protected":false},"author":1,"featured_media":0,"parent":0,"menu_order":0,"comment_status":"closed","ping_status":"closed","template":"","meta":[],"_links":{"self":[{"href":"https:\/\/patch.cds-pro.com\/de\/wp-json\/wp\/v2\/pages\/230"}],"collection":[{"href":"https:\/\/patch.cds-pro.com\/de\/wp-json\/wp\/v2\/pages"}],"about":[{"href":"https:\/\/patch.cds-pro.com\/de\/wp-json\/wp\/v2\/types\/page"}],"author":[{"embeddable":true,"href":"https:\/\/patch.cds-pro.com\/de\/wp-json\/wp\/v2\/users\/1"}],"replies":[{"embeddable":true,"href":"https:\/\/patch.cds-pro.com\/de\/wp-json\/wp\/v2\/comments?post=230"}],"version-history":[{"count":0,"href":"https:\/\/patch.cds-pro.com\/de\/wp-json\/wp\/v2\/pages\/230\/revisions"}],"wp:attachment":[{"href":"https:\/\/patch.cds-pro.com\/de\/wp-json\/wp\/v2\/media?parent=230"}],"curies":[{"name":"wp","href":"https:\/\/api.w.org\/{rel}","templated":true}]}}