{"id":1870,"date":"2017-01-22T19:37:33","date_gmt":"2017-01-22T18:37:33","guid":{"rendered":"https:\/\/patch.cds-pro.com\/?page_id=1870"},"modified":"2023-07-27T15:20:05","modified_gmt":"2023-07-27T13:20:05","slug":"welcome","status":"publish","type":"page","link":"https:\/\/patch.cds-pro.com\/es\/","title":{"rendered":"Bienvenido a CDS Pro"},"content":{"rendered":"<p><\/p>\n<div class=\"block-home first\">\n<div class=\"titre-home\">\u00bfYa est\u00e1 registrado? Inicie sesi\u00f3n<\/div>\n<div class=\"cont-home\">\r\n<div class=\"um um-login um-1946\">\r\n\r\n\t<div class=\"um-form\">\r\n\r\n\t\t<form method=\"post\" action=\"\" autocomplete=\"off\">\r\n\r\n\t\t\t<div class=\"um-row _um_row_1 \" style=\"margin: 0 0 30px 0;\"><div class=\"um-col-1\"><div  id=\"um_field_1946_username\" class=\"um-field um-field-text  um-field-username um-field-text um-field-type_text\" data-key=\"username\"><div class=\"um-field-label\"><label for=\"username-1946\">Nombre de usuario o correo electr\u00f3nico<span class=\"um-req\" title=\"Required\">*<\/span><\/label><div class=\"um-clear\"><\/div><\/div><div class=\"um-field-area\"><div class=\"um-field-icon\"><i class=\"um-icon-at\"><\/i><\/div><input  autocomplete=\"off\" class=\"um-form-field valid um-iconed \" type=\"text\" name=\"username-1946\" id=\"username-1946\" value=\"\" placeholder=\"\" data-validate=\"unique_username_or_email\" data-key=\"username\" \/>\n\n\t\t\t\t\t\t<\/div><\/div><div  id=\"um_field_1946_user_password\" class=\"um-field um-field-password  um-field-user_password um-field-password um-field-type_password\" data-key=\"user_password\"><div class=\"um-field-label\"><label for=\"user_password-1946\">Contrase\u00f1a<span class=\"um-req\" title=\"Required\">*<\/span><\/label><div class=\"um-clear\"><\/div><\/div><div class=\"um-field-area\"><div class=\"um-field-icon\"><i class=\"um-faicon-unlock-alt\"><\/i><\/div><input class=\"um-form-field valid um-iconed \" type=\"password\" name=\"user_password-1946\" id=\"user_password-1946\" value=\"\" placeholder=\"\" data-validate=\"\" data-key=\"user_password\" \/>\n\n\t\t\t\t\t\t<\/div><\/div><\/div><\/div>\t\t<input type=\"hidden\" name=\"form_id\" id=\"form_id_1946\" value=\"1946\" \/>\r\n\t\r\n\t<p class=\"um_request_name\">\r\n\t\t<label for=\"um_request_1946\">Only fill in if you are not human<\/label>\r\n\t\t<input type=\"hidden\" name=\"um_request\" id=\"um_request_1946\" class=\"input\" value=\"\" size=\"25\" autocomplete=\"off\" \/>\r\n\t<\/p>\r\n\r\n\t<input type=\"hidden\" id=\"_wpnonce\" name=\"_wpnonce\" value=\"bd0510329c\" \/><input type=\"hidden\" name=\"_wp_http_referer\" value=\"\/es\/wp-json\/wp\/v2\/pages\/1870\" \/>\r\n\t<div class=\"um-col-alt\">\r\n\r\n\t\t\n\n\t\t\t<div class=\"um-field um-field-c\">\n\t\t\t\t<div class=\"um-field-area\">\n\t\t\t\t\t<label class=\"um-field-checkbox\">\n\t\t\t\t\t\t<input type=\"checkbox\" name=\"rememberme\" value=\"1\"  \/>\n\t\t\t\t\t\t<span class=\"um-field-checkbox-state\"><i class=\"um-icon-android-checkbox-outline-blank\"><\/i><\/span>\n\t\t\t\t\t\t<span class=\"um-field-checkbox-option\"> Keep me signed in<\/span>\n\t\t\t\t\t<\/label>\n\t\t\t\t<\/div>\n\t\t\t<\/div>\n\n\t\t\t\t\t\t<div class=\"um-clear\"><\/div>\r\n\t\t\r\n\t\t\t<div class=\"um-center\">\r\n\t\t\t\t<input type=\"submit\" value=\"Iniciar sesi\u00f3n\" class=\"um-button\" id=\"um-submit-btn\" \/>\r\n\t\t\t<\/div>\r\n\r\n\t\t\r\n\t\t<div class=\"um-clear\"><\/div>\r\n\r\n\t<\/div>\r\n\r\n\t\r\n\t<div class=\"um-col-alt-b\">\r\n\t\t<a href=\"https:\/\/patch.cds-pro.com\/es\/password-reset\/\" class=\"um-link-alt\">\r\n\t\t\tForgot your password?\t\t<\/a>\r\n\t<\/div>\r\n\r\n\t\r\n\t\t<\/form>\r\n\r\n\t<\/div>\r\n\r\n<\/div><\/div>\n<\/div>\n<div class=\"block-home\">\n<div class=\"titre-home\">\u00bfA\u00fan no tiene una cuenta de revendedor profesional?<\/div>\n<div class=\"cont-home\">\n<div class=\"text-cont-home\"><i class=\"fa fa-info-circle\"><\/i> Presente su solicitud mediante nuestro formulario de inscripci\u00f3n.<br \/>\nSe presentar\u00e1 su solicitud a nuestro equipo para que la apruebe. Si se apruebe su solicitud, recibir\u00e1 un correo electr\u00f3nico de confirmaci\u00f3n para informarle de que su cuenta est\u00e1 activa. Luego, podr\u00e1 efectuar su pedido en nuestra tienda en l\u00ednea mediante el nombre de usuario y la contrase\u00f1a que eligi\u00f3 durante la inscripci\u00f3n.<\/div>\n<div class=\"button-cont\"><a class=\"button-text\" href=\"https:\/\/test.cds-pro.com\/es\/register\/\">Formulario de inscripci\u00f3n<\/a><\/div>\n<\/div>\n<\/div>\n<p>\n<\/p>","protected":false},"excerpt":{"rendered":"","protected":false},"author":1,"featured_media":0,"parent":0,"menu_order":0,"comment_status":"closed","ping_status":"closed","template":"","meta":[],"_links":{"self":[{"href":"https:\/\/patch.cds-pro.com\/es\/wp-json\/wp\/v2\/pages\/1870"}],"collection":[{"href":"https:\/\/patch.cds-pro.com\/es\/wp-json\/wp\/v2\/pages"}],"about":[{"href":"https:\/\/patch.cds-pro.com\/es\/wp-json\/wp\/v2\/types\/page"}],"author":[{"embeddable":true,"href":"https:\/\/patch.cds-pro.com\/es\/wp-json\/wp\/v2\/users\/1"}],"replies":[{"embeddable":true,"href":"https:\/\/patch.cds-pro.com\/es\/wp-json\/wp\/v2\/comments?post=1870"}],"version-history":[{"count":0,"href":"https:\/\/patch.cds-pro.com\/es\/wp-json\/wp\/v2\/pages\/1870\/revisions"}],"wp:attachment":[{"href":"https:\/\/patch.cds-pro.com\/es\/wp-json\/wp\/v2\/media?parent=1870"}],"curies":[{"name":"wp","href":"https:\/\/api.w.org\/{rel}","templated":true}]}}