{"id":230,"date":"2016-10-05T10:39:45","date_gmt":"2016-10-05T08:39:45","guid":{"rendered":"https:\/\/patch.cds-pro.com\/\/?page_id=230"},"modified":"2018-07-21T13:50:07","modified_gmt":"2018-07-21T11:50:07","slug":"legal-notice","status":"publish","type":"page","link":"https:\/\/patch.cds-pro.com\/es\/legal-notice\/","title":{"rendered":"Aviso Legal y CGU"},"content":{"rendered":"<p><strong>ART\u00cdCULO 1: Objeto<\/strong><\/p>\n<p>Las presentes &#8220;Condiciones Generales de Uso&#8221;, CGU en adelante, tienen por objeto la orientaci\u00f3n jur\u00eddica de los t\u00e9rminos y condiciones que rigen la prestaci\u00f3n de servicios en el<\/p>\n<p>sitio web <a href=\"https:\/\/customdivingsystems.com\/\">customdivingsystems.com<\/a>, &#8220;CDS&#8221; en adelante, y la utilizaci\u00f3n por parte del &#8220;Usuario&#8221;.<\/p>\n<p>Las CGU deben ser aceptadas por todo Usario que desee visitar el sitio web. Estas constituyen el acuerdo entre el sitio web y el Usario. El acceso al sitio web por parte del Usario significa su aceptaci\u00f3n de las presentes CGU.<\/p>\n<p>En caso de no aceptaci\u00f3n de las CGU estipuladas en el presente contrato, el Usario deber\u00e1 renunciar al acceso a los servicios prestados por CDS.<\/p>\n<p>CDS se reserva el derecho de modificar unilateralmente y en cualquier momento el contenido de las presentes CGU.<\/p>\n<p><strong>ART\u00cdCULO 2: Aviso legal<\/strong><\/p>\n<p>El propietario del sitio <a href=\"http:\/\/customdivingsystems.com\/\">customdivingsystems.com <\/a>es la empresa<\/p>\n<p><strong>Custom Diving Systems SASU<\/strong> con un capital de 5 000 euros<\/p>\n<p>y su domicilio social se sit\u00faa en:<\/p>\n<p>La Jairaz<\/p>\n<p>73120 Courchevel<\/p>\n<p>Francia<\/p>\n<p><strong>Custom Diving Systems SASU<\/strong> est\u00e1 inscrita en el Registro Mercantil de Chamb\u00e9ry bajo el n\u00famero:<\/p>\n<p>825 172 588 00014<\/p>\n<p>C\u00f3digo NAF\/APE: 4764Z<\/p>\n<p>N\u00famero de IVA: FR 79 825 172 588<\/p>\n<p>El Director de la publicaci\u00f3n es D. Yanning Charles. Direcci\u00f3n de correo electr\u00f3nico: <a href=\"mailto:contact@cds-pro.com\">contact@cds-pro.com<\/a><\/p>\n<p>Tel\u00e9fono: +33(0)6 11 48 11 14<\/p>\n<p>Concepci\u00f3n y mantenimiento del sitio web asegurado por Alex Adamczyk (Csweb.fr), <a href=\"mailto:info@csweb.fr\">info@csweb.fr<\/a><\/p>\n<p>El proveedor de hosting es:<\/p>\n<p><strong>OVH SAS<\/strong> con un capital de 10 069 020 euros<\/p>\n<p>y su domicilio social se sit\u00faa en:<\/p>\n<p>rue Kellerman, 2. 59100 Roubaix (Francia)<\/p>\n<p>Tel\u00e9fono: +33(0)9 72 10 10 07<\/p>\n<p><strong>ART\u00cdCULO 3: Definiciones<\/strong><\/p>\n<p>El objeto de este art\u00edculo es definir los t\u00e9rminos principales del contrato:<\/p>\n<p>Usuario: este t\u00e9rmino se refiere a cualquier persona que utiliza el sitio web o uno de los servicios propuestos por el mismo.<\/p>\n<p>El sitio web: estos t\u00e9rminos se refieren al sitio web: <a href=\"https:\/\/customdivingsystems.com\/\">customdivingsystems.com <\/a>y CDS por extensi\u00f3n.<\/p>\n<p><strong>ART\u00cdCULO 4: acceso a los servicios<\/strong><\/p>\n<p>El sitio web permite al Usuario acceder de manera gratuita a los servicios siguientes:<\/p>\n<ul>\n<li>p\u00e1ginas de informaci\u00f3n sobre los cat\u00e1logos de productos de CDS;<\/li>\n<li>el listado de los revendedores;<\/li>\n<li>la suscripci\u00f3n a un bolet\u00edn informativo con la validaci\u00f3n de la suscripci\u00f3n por correo electr\u00f3nico por parte del usuario y con la posibilidad de desabonarse con un solo clic.<\/li>\n<\/ul>\n<ul>\n<li>noticias de CDS;<\/li>\n<li>el acceso al Espacio para Profesionales (despu\u00e9s de la validaci\u00f3n del registro pasando por el formulario para profesionales);<\/li>\n<li>el formulario de contacto.<\/li>\n<\/ul>\n<p>Cualquier Usuario con acceso a Internet puede acceder gratuitamente al sitio web. Todos los costes asumidos por el Usuario para acceder al servicio (equipo inform\u00e1tico, programas, acceso a Internet, etc.) est\u00e1n a su cargo.<\/p>\n<p>Seg\u00fan sea el caso:<\/p>\n<ul>\n<li>El sitio web emplea todos los medios a su disposici\u00f3n para garantizar un acceso de calidad a los servicios. La obligaci\u00f3n s\u00f3lo concierne estos medios; el sitio web no se compromete a alcanzar este resultado.<\/li>\n<li>En caso de fuerza mayor y de otros acontecimientos que afecten al funcionamiento de la red o del servidor, no podr\u00e1 exigirse ninguna responsabilidad por parte de CDS.<\/li>\n<li>El acceso a los servicios del sitio web est\u00e1 sujeto a interrupci\u00f3n, suspensi\u00f3n y modificaci\u00f3n sin previo aviso en caso de mantenimiento o por cualquier otro motivo.<\/li>\n<li>El Usuario no puede reclamar ninguna indemnizaci\u00f3n en caso de interrupci\u00f3n, suspensi\u00f3n o modificaci\u00f3n del presente contrato.<\/li>\n<\/ul>\n<p>El Usuario tiene la posibilidad de contactar con el sitio web por correo electr\u00f3nico a trav\u00e9s de la direcci\u00f3n <a href=\"mailto:contact@cds-pro.com\">contact@cds-pro.com<\/a> o por tel\u00e9fono +33(0)6 11 48 11 14<\/p>\n<p><strong>ART\u00cdCULO 5: Propiedad intelectual<\/strong><\/p>\n<p>Las marcas, los logotipos y todo el contenido del sitio web est\u00e1n protegidos por el C\u00f3digo Franc\u00e9s de Propiedad Intelectual y especialmente por los derechos de autor.<\/p>\n<p>El Usuario requiere autorizaci\u00f3n previa del sitio web para reproducir, publicar o copiar los diferentes contenidos.<\/p>\n<p>El Usuario se compromete a utilizar los contenidos del sitio web para un uso privado. Cualquier tipo de utilizaci\u00f3n o empleo de los contenidos de este sitio web con prop\u00f3sitos comerciales est\u00e1 terminantemente prohibido, a excepci\u00f3n de los contenidos espec\u00edficamente previstos a tal efecto.<\/p>\n<p><strong>ART\u00cdCULO 6: Datos personales<\/strong><\/p>\n<p><a href=\"https:\/\/patch.cds-pro.com\/es\/privacy-policy-and-cookies\/\" target=\"_blank\">Ver Pol\u00edtica de privacidad y cookies<\/a><\/p>\n<p><strong>ART\u00cdCULO 7: Responsabilidad y fuerza mayor<\/strong><\/p>\n<p>Las fuentes de toda la informaci\u00f3n distribuida en el sitio web CDS est\u00e1n consideradas como fiables. No obstante, el sitio web se reserva la posibilidad de no garantizar la fiabilidad de las fuentes. La informaci\u00f3n contenida en el sitio web tiene una finalidad estrictamente informativa. Por consiguiente, el Usuario asume responsabilidad directa y completa de la utilizaci\u00f3n de la informaci\u00f3n y de los contenidos del presente sitio web.<\/p>\n<p>Cualquier mala utilizaci\u00f3n por parte del Usuario que provoque da\u00f1os directa o indirectamente debe ser objeto de indemnizaci\u00f3n a favor del sitio web CDS.<\/p>\n<p>Una garant\u00eda \u00f3ptima de la seguridad y de la confidencialidad de los datos comunicados no est\u00e1 garantizada por parte del sitio web. No obstante, el sitio web se compromete a implementar todos los medios necesarios para garantizar lo mejor posible la seguridad y la confidencialidad de los datos.<\/p>\n<p>En caso de fuerza mayor o de hecho imprevisible e inevitable de un tercero, no podr\u00e1 exigirse responsabilidad por parte de CDS.<\/p>\n<p><strong>ART\u00cdCULO 8: Enlaces de hipertexto<\/strong><\/p>\n<p>Numerosos enlaces de hipertexto salientes est\u00e1n presentes en el sitio web CDS. No obstante, las p\u00e1ginas web de estos enlaces no est\u00e1n controladas por CDS y no podr\u00e1 exig\u00edrsele responsabilidad alguna.<\/p>\n<p>Por consiguiente, el Usuario no podr\u00e1 exigir responsabilidad por parte de CDS en lo concerniente al contenido y a los recursos relativos a estos enlaces de hipertexto salientes.<\/p>\n<p><strong>ART\u00cdCULO 9: Evoluci\u00f3n del contrato<\/strong><\/p>\n<p>CDS se reserva el derecho a modificar en cualquier momento las cl\u00e1usulas del presente contrato.<\/p>\n<p><strong>ART\u00cdCULO 10: Duraci\u00f3n<\/strong><\/p>\n<p>La duraci\u00f3n del presente contrato es indefinida. El contrato entra en vigor por el Usuario a partir del momento en que empieza a utilizar el servicio.<\/p>\n<p><strong>ART\u00cdCULO 11: Ley aplicable y jurisdicci\u00f3n competente<\/strong> El derecho franc\u00e9s se aplica al presente contrato.<\/p>","protected":false},"excerpt":{"rendered":"<p>ART\u00cdCULO 1: Objeto Las presentes &#8220;Condiciones Generales de Uso&#8221;, CGU en adelante, tienen por objeto la orientaci\u00f3n jur\u00eddica de los t\u00e9rminos y condiciones que rigen la prestaci\u00f3n de servicios en el sitio web customdivingsystems.com, &#8220;CDS&#8221; en adelante, y la utilizaci\u00f3n por parte del &#8220;Usuario&#8221;. Las CGU deben ser aceptadas por todo Usario que desee visitar [&hellip;]<\/p>\n","protected":false},"author":1,"featured_media":0,"parent":0,"menu_order":0,"comment_status":"closed","ping_status":"closed","template":"","meta":[],"_links":{"self":[{"href":"https:\/\/patch.cds-pro.com\/es\/wp-json\/wp\/v2\/pages\/230"}],"collection":[{"href":"https:\/\/patch.cds-pro.com\/es\/wp-json\/wp\/v2\/pages"}],"about":[{"href":"https:\/\/patch.cds-pro.com\/es\/wp-json\/wp\/v2\/types\/page"}],"author":[{"embeddable":true,"href":"https:\/\/patch.cds-pro.com\/es\/wp-json\/wp\/v2\/users\/1"}],"replies":[{"embeddable":true,"href":"https:\/\/patch.cds-pro.com\/es\/wp-json\/wp\/v2\/comments?post=230"}],"version-history":[{"count":0,"href":"https:\/\/patch.cds-pro.com\/es\/wp-json\/wp\/v2\/pages\/230\/revisions"}],"wp:attachment":[{"href":"https:\/\/patch.cds-pro.com\/es\/wp-json\/wp\/v2\/media?parent=230"}],"curies":[{"name":"wp","href":"https:\/\/api.w.org\/{rel}","templated":true}]}}