{"id":230,"date":"2016-10-05T10:39:45","date_gmt":"2016-10-05T08:39:45","guid":{"rendered":"https:\/\/patch.cds-pro.com\/\/?page_id=230"},"modified":"2018-07-21T13:50:07","modified_gmt":"2018-07-21T11:50:07","slug":"legal-notice","status":"publish","type":"page","link":"https:\/\/patch.cds-pro.com\/fr\/legal-notice\/","title":{"rendered":"Mentions L\u00e9gales \/ CGU"},"content":{"rendered":"<p><strong>ARTICLE 1 : Objet<\/strong><\/p>\n<p>Les pr\u00e9sentes \u00ab Conditions G\u00e9n\u00e9rales d\u2019Utilisation \u00bb, ci-apr\u00e8s nomm\u00e9es CGU, ont pour objet l\u2019encadrement juridique des modalit\u00e9s de mise \u00e0 disposition des services du site <a href=\"https:\/\/customdivingsystems.com\/\">customdivingsystems.com<\/a>, ci-apr\u00e8s nomm\u00e9 \u00ab CDS \u00bb et leurs utilisations par l\u2019 \u00ab Utilisateur \u00bb.<\/p>\n<p>Les CGU doivent \u00eatre accept\u00e9es par tout Utilisateur souhaitant acc\u00e9der au site. Elles constituent le contrat entre le site et l\u2019Utilisateur. L\u2019acc\u00e8s au site par l\u2019Utilisateur signifie son acceptation des pr\u00e9sentes CGU.<br \/>\nEn cas de non-acceptation des CGU stipul\u00e9es dans le pr\u00e9sent contrat, l\u2019Utilisateur se doit de renoncer \u00e0 l\u2019acc\u00e8s aux services propos\u00e9s par CDS.<\/p>\n<p>CDS se r\u00e9serve le droit de modifier unilat\u00e9ralement et \u00e0 tout moment le contenu des pr\u00e9sentes CGU.<\/p>\n<p><strong>ARTICLE 2 : Mentions l\u00e9gales<\/strong><\/p>\n<p>Le propri\u00e9taire du site <a href=\"http:\/\/customdivingsystems.com\">customdivingsystems.com<\/a> est la soci\u00e9t\u00e9<br \/>\n<strong>Custom Diving Systems SASU<\/strong> au capital de 5000 euros<br \/>\ndont le si\u00e8ge social se situe \u00e0 :<br \/>\nLa Jairaz<br \/>\n73120 Courchevel<br \/>\nFrance<\/p>\n<p><b>Custom Diving Systems SASU<\/b> est une soci\u00e9t\u00e9 enregistr\u00e9e au Registre  du Commerce et des Soci\u00e9t\u00e9s (RCS) de Chamb\u00e9ry sous le num\u00e9ro :<br \/>\n825 172 588 00014<br \/>\nCode NAF\/APE : 4764Z<br \/>\nN\u00b0 de TVA : FR 79 825 172 588<\/p>\n<p>La Directeur de la publication est Monsieur Yannig Charles,<br \/>\nE-mail : <a href=\"mailto:contact@cds-pro.com\">contact@cds-pro.com<\/a><br \/>\nT\u00e9l\u00e9phone : +33(0)6 11 48 11 14<\/p>\n<p>La conception et la maintenance du site est assur\u00e9e par Alex Adamczyk (Csweb.fr), <a href=\"mailto:info@csweb.fr\">info@csweb.fr<\/a><\/p>\n<p>L\u2019h\u00e9bergeur du site est :<br \/>\n<strong>OVH SAS<\/strong> au capital de 10 069 020 euros<br \/>\ndont le si\u00e8ge social se situe :<br \/>\n2 rue Kellermann &#8211; 59100 Roubaix &#8211; France<br \/>\nT\u00e9l\u00e9phone : +33 (0)9 72 10 10 07<\/p>\n<p><strong>ARTICLE 3 : D\u00e9finitions<\/strong><\/p>\n<p>La pr\u00e9sente clause a pour objet de d\u00e9finir les diff\u00e9rents termes essentiels du contrat :<\/p>\n<p>Utilisateur : ce terme d\u00e9signe toute personne qui utilise le site ou l\u2019un des services propos\u00e9s par le site.<\/p>\n<p>Le site : ces termes d\u00e9signent le site web : <a href=\"https:\/\/customdivingsystems.com\/\">customdivingsystems.com<\/a> et CDS par extension.<\/p>\n<p><strong>ARTICLE 4 : acc\u00e8s aux services<\/strong><\/p>\n<p>Le site permet \u00e0 l\u2019Utilisateur un acc\u00e8s gratuit aux services suivants :<\/p>\n<ul>\n<li>Pages d\u2019informations sur les catalogues produits de CDS ;<\/li>\n<li>Liste des revendeurs en France et \u00e0 l&#8217;\u00e9tranger ;<\/li>\n<li>Abonnement \u00e0 une newsletter avec validation de l\u2019abonnement par e-mail de l\u2019utilisateur avec la possibilit\u00e9 de se d\u00e9sinscrire en un clic ;<\/li>\n<li>Actualit\u00e9s de CDS ;<\/li>\n<li>Acc\u00e8s \u00e0 l\u2019Espace Professionnel (apr\u00e8s validation de l\u2019inscription via le formulaire pour les professionnels) ;<\/li>\n<li>Formulaire de contact.<\/li>\n<\/ul>\n<p>Le site est accessible gratuitement en tout lieu \u00e0 tout Utilisateur ayant un acc\u00e8s \u00e0 Internet. Tous les frais support\u00e9s par l\u2019Utilisateur pour acc\u00e9der au service (mat\u00e9riel informatique, logiciels, connexion Internet, etc.) sont \u00e0 sa charge.<\/p>\n<p>Selon le cas :<\/p>\n<ul>\n<li>Le site met en \u0153uvre tous les moyens mis \u00e0 sa disposition pour assurer un acc\u00e8s de qualit\u00e9 \u00e0 ses services. L\u2019obligation \u00e9tant de moyens, le site ne s\u2019engage pas \u00e0 atteindre ce r\u00e9sultat.<\/li>\n<li>Tout \u00e9v\u00e9nement d\u00fb \u00e0 un cas de force majeure ayant pour cons\u00e9quence un dysfonctionnement du r\u00e9seau ou du serveur n\u2019engage pas la responsabilit\u00e9 de CDS.<\/li>\n<li>L\u2019acc\u00e8s aux services du site peut \u00e0 tout moment faire l\u2019objet d\u2019une interruption, d\u2019une suspension, d\u2019une modification sans pr\u00e9avis pour une maintenance ou pour tout autre cas.<\/li>\n<li>L&#8217;Utilisateur s\u2019oblige \u00e0 ne r\u00e9clamer aucune indemnisation suite \u00e0 l\u2019interruption, \u00e0 la suspension ou \u00e0 la modification du pr\u00e9sent contrat.<\/li>\n<\/ul>\n<p>L\u2019Utilisateur a la possibilit\u00e9 de contacter le site par messagerie \u00e9lectronique \u00e0 l\u2019adresse <a href=\"mailto:contact@cds-pro.com\">contact@cds-pro.com<\/a> ou t\u00e9l\u00e9phone au +33(0)6 11 48 11 14<\/p>\n<p><strong>ARTICLE 5 : Propri\u00e9t\u00e9 intellectuelle<\/strong><\/p>\n<p>Les marques, logos, signes et tout autre contenu du site font l\u2019objet d\u2019une protection par le code de la propri\u00e9t\u00e9 intellectuelle et plus particuli\u00e8rement par le droit d\u2019auteur.<\/p>\n<p>L\u2019Utilisateur sollicite l\u2019autorisation pr\u00e9alable du site pour toute reproduction, publication, copie des diff\u00e9rents contenus.<\/p>\n<p>L\u2019Utilisateur s\u2019engage \u00e0 une utilisation des contenus du site dans un cadre strictement priv\u00e9. Une utilisation des contenus \u00e0 des fins commerciales est strictement interdite, exception faite de contenus sp\u00e9cifiquement d\u00e9finis \u00e0 ces fins.<\/p>\n<p><strong>ARTICLE 6 : Donn\u00e9es personnelles<\/strong><\/p>\n<p><a href=\"https:\/\/patch.cds-pro.com\/privacy-policy-and-cookies\/\" target=\"_blank\">Voir Politique de confidentialit\u00e9 et cookies<\/a><\/p>\n<p><strong>ARTICLE 7 : Responsabilit\u00e9 et force majeure<\/strong><\/p>\n<p>Les sources des informations diffus\u00e9es sur le site CDS sont r\u00e9put\u00e9es fiables. Toutefois, le site se r\u00e9serve la facult\u00e9 d\u2019une non-garantie de la fiabilit\u00e9 des sources. Les informations donn\u00e9es sur le site le sont \u00e0 titre purement informatif. Ainsi, l\u2019Utilisateur assume seul l\u2019enti\u00e8re responsabilit\u00e9 de l\u2019utilisation des informations et contenus du pr\u00e9sent site.<\/p>\n<p>Tout usage du service par l\u2019Utilisateur ayant directement ou indirectement pour cons\u00e9quence des dommages doit faire l\u2019objet d\u2019une indemnisation au profit du site CDS.<\/p>\n<p>Une garantie optimale de la s\u00e9curit\u00e9 et de la confidentialit\u00e9 des donn\u00e9es transmises n\u2019est pas assur\u00e9e par le site. Toutefois, le site s\u2019engage \u00e0 mettre en \u0153uvre tous les moyens n\u00e9cessaires afin de garantir au mieux la s\u00e9curit\u00e9 et la confidentialit\u00e9 des donn\u00e9es.<\/p>\n<p>La responsabilit\u00e9 du site CDS ne peut \u00eatre engag\u00e9e en cas de force majeure ou du fait impr\u00e9visible et insurmontable d\u2019un tiers.<\/p>\n<p><strong>ARTICLE 8 : Liens hypertextes<\/strong><\/p>\n<p>De nombreux liens hypertextes sortants sont pr\u00e9sents sur le site CDS, cependant les pages web o\u00f9 m\u00e8nent ces liens n\u2019engagent en rien la responsabilit\u00e9 de CDS qui n\u2019a pas le contr\u00f4le de ces liens.<\/p>\n<p>L\u2019Utilisateur s\u2019interdit donc \u00e0 engager la responsabilit\u00e9 du site concernant le contenu et les ressources relatives \u00e0 ces liens hypertextes sortants.<\/p>\n<p><strong>ARTICLE 9 : \u00c9volution du contrat<\/strong><\/p>\n<p>CDS se r\u00e9serve \u00e0 tout moment le droit de modifier les clauses stipul\u00e9es dans le pr\u00e9sent contrat.<\/p>\n<p><strong>ARTICLE 10 : Dur\u00e9e<\/strong><\/p>\n<p>La dur\u00e9e du pr\u00e9sent contrat est ind\u00e9termin\u00e9e. Le contrat produit ses effets \u00e0 l\u2019\u00e9gard de l\u2019Utilisateur \u00e0 compter de l\u2019utilisation du service.<\/p>\n<p><strong>ARTICLE 11 : Droit applicable et juridiction comp\u00e9tente<\/strong><\/p>\n<p>La loi fran\u00e7aise s\u2019applique au pr\u00e9sent contrat.<\/p>","protected":false},"excerpt":{"rendered":"<p>ARTICLE 1 : Objet Les pr\u00e9sentes \u00ab Conditions G\u00e9n\u00e9rales d\u2019Utilisation \u00bb, ci-apr\u00e8s nomm\u00e9es CGU, ont pour objet l\u2019encadrement juridique des modalit\u00e9s de mise \u00e0 disposition des services du site customdivingsystems.com, ci-apr\u00e8s nomm\u00e9 \u00ab CDS \u00bb et leurs utilisations par l\u2019 \u00ab Utilisateur \u00bb. Les CGU doivent \u00eatre accept\u00e9es par tout Utilisateur souhaitant acc\u00e9der au site. [&hellip;]<\/p>\n","protected":false},"author":1,"featured_media":0,"parent":0,"menu_order":0,"comment_status":"closed","ping_status":"closed","template":"","meta":[],"_links":{"self":[{"href":"https:\/\/patch.cds-pro.com\/fr\/wp-json\/wp\/v2\/pages\/230"}],"collection":[{"href":"https:\/\/patch.cds-pro.com\/fr\/wp-json\/wp\/v2\/pages"}],"about":[{"href":"https:\/\/patch.cds-pro.com\/fr\/wp-json\/wp\/v2\/types\/page"}],"author":[{"embeddable":true,"href":"https:\/\/patch.cds-pro.com\/fr\/wp-json\/wp\/v2\/users\/1"}],"replies":[{"embeddable":true,"href":"https:\/\/patch.cds-pro.com\/fr\/wp-json\/wp\/v2\/comments?post=230"}],"version-history":[{"count":0,"href":"https:\/\/patch.cds-pro.com\/fr\/wp-json\/wp\/v2\/pages\/230\/revisions"}],"wp:attachment":[{"href":"https:\/\/patch.cds-pro.com\/fr\/wp-json\/wp\/v2\/media?parent=230"}],"curies":[{"name":"wp","href":"https:\/\/api.w.org\/{rel}","templated":true}]}}